{"id":361,"date":"2019-11-11T07:55:55","date_gmt":"2019-11-11T07:55:55","guid":{"rendered":"http:\/\/wp.dynamiclayers.net\/import-struqta\/about-us-copy\/"},"modified":"2024-08-20T05:08:25","modified_gmt":"2024-08-20T05:08:25","slug":"our-team","status":"publish","type":"page","link":"https:\/\/wp.dynamiclayers.net\/import-struqta\/our-team\/","title":{"rendered":"Our Team"},"content":{"rendered":"\t\t<div data-elementor-type=\"wp-page\" data-elementor-id=\"361\" class=\"elementor elementor-361\">\n\t\t\t\t\t\t<section class=\"elementor-section elementor-top-section elementor-element elementor-element-dfd8d73 elementor-section-boxed elementor-section-height-default elementor-section-height-default\" data-id=\"dfd8d73\" data-element_type=\"section\" data-settings=\"{&quot;background_background&quot;:&quot;classic&quot;}\">\n\t\t\t\t\t\t<div class=\"elementor-container elementor-column-gap-default\">\n\t\t\t\t\t<div class=\"elementor-column elementor-col-100 elementor-top-column elementor-element elementor-element-1c83446\" data-id=\"1c83446\" data-element_type=\"column\">\n\t\t\t<div class=\"elementor-widget-wrap elementor-element-populated\">\n\t\t\t\t\t\t<div class=\"elementor-element elementor-element-a2218ec elementor-widget elementor-widget-sc-heading\" data-id=\"a2218ec\" data-element_type=\"widget\" data-widget_type=\"sc-heading.default\">\n\t\t\t\t<div class=\"elementor-widget-container\">\n\t\t\t\t\t\t\t<div id=\"wt-at-a2218ec\" class=\"headng-wrap left\">\n\t\t\t<div class=\"section-heading\">\n\t\t\t\t\t\t\t<h4\t\t\t\t class=\"sub-heading\"\t\t\t\t>Engineering a Better World!<\/h4>\n\t\t\t\t\t\t\t\t\t\t\t\t<h2\t\t\t\t class=\"heading\"\t\t\t\t>Engineers will make <br>your dream true!<\/h2>\n\t\t\t\t\t\t\t\t\t\t\t\t<p\t\t\t\t class=\"desc\"\t\t\t\t>Expert construction services that turn your ambitions into <br>reality with attention to main industrial detail.<\/p>\n\t\t\t\t\t\t\t<\/div>\n\t\t<\/div>\n\n\t\t\t\t\t<\/div>\n\t\t\t\t<\/div>\n\t\t\t\t\t<\/div>\n\t\t<\/div>\n\t\t\t\t\t<\/div>\n\t\t<\/section>\n\t\t\t\t<section class=\"elementor-section elementor-top-section elementor-element elementor-element-5ef3698 elementor-section-boxed elementor-section-height-default elementor-section-height-default\" data-id=\"5ef3698\" data-element_type=\"section\">\n\t\t\t\t\t\t<div class=\"elementor-container elementor-column-gap-default\">\n\t\t\t\t\t<div class=\"elementor-column elementor-col-25 elementor-top-column elementor-element elementor-element-038c62d\" data-id=\"038c62d\" data-element_type=\"column\">\n\t\t\t<div class=\"elementor-widget-wrap elementor-element-populated\">\n\t\t\t\t\t\t<div class=\"elementor-element elementor-element-bfab596 elementor-widget elementor-widget-struqta_team\" data-id=\"bfab596\" data-element_type=\"widget\" data-widget_type=\"struqta_team.default\">\n\t\t\t\t<div class=\"elementor-widget-container\">\n\t\t\t\t\t\t\t<div class=\"team-item style-1\">\n\t\t<div class=\"overlay\"><\/div>\t\t\t<img fetchpriority=\"high\" decoding=\"async\" width=\"500\" height=\"600\" src=\"https:\/\/wp.dynamiclayers.net\/import-struqta\/wp-content\/uploads\/sites\/33\/2024\/08\/500x600.jpeg\" class=\"attachment-full size-full wp-image-3070\" alt=\"\" srcset=\"https:\/\/wp.dynamiclayers.net\/import-struqta\/wp-content\/uploads\/sites\/33\/2024\/08\/500x600.jpeg 500w, https:\/\/wp.dynamiclayers.net\/import-struqta\/wp-content\/uploads\/sites\/33\/2024\/08\/500x600-250x300.jpeg 250w\" sizes=\"(max-width: 500px) 100vw, 500px\" \/>\t\t\t\t\t\t<div class=\"team-content\">\n\t\t\t\t<h3 class=\"name\">Stephen Miller<\/h3><span >Civil Engineer<\/span>\t\t\t<\/div>\n\t\t\t\t\t\t\t\t\t<ul class=\"team-social\">\n\t\t\t<li><a href=\"#\" target=\"_blank\"><i class=\"fab fa-facebook-f\"><\/i><\/a><\/li><li><a href=\"#\" target=\"_blank\"><i class=\"fab fa-twitter\"><\/i><\/a><\/li><li><a href=\"#\" target=\"_blank\"><i class=\"fab fa-instagram\"><\/i><\/a><\/li><li><a href=\"#\" target=\"_blank\"><i class=\"fab fa-linkedin\"><\/i><\/a><\/li>\t\t\t<\/ul>\n\t\t\t\t\t<\/div>\n\t\t\t\t\t\t<\/div>\n\t\t\t\t<\/div>\n\t\t\t\t<div class=\"elementor-element elementor-element-3ab6736 elementor-widget elementor-widget-struqta_team\" data-id=\"3ab6736\" data-element_type=\"widget\" data-widget_type=\"struqta_team.default\">\n\t\t\t\t<div class=\"elementor-widget-container\">\n\t\t\t\t\t\t\t<div class=\"team-item style-1\">\n\t\t<div class=\"overlay\"><\/div>\t\t\t<img fetchpriority=\"high\" decoding=\"async\" width=\"500\" height=\"600\" src=\"https:\/\/wp.dynamiclayers.net\/import-struqta\/wp-content\/uploads\/sites\/33\/2024\/08\/500x600.jpeg\" class=\"attachment-full size-full wp-image-3070\" alt=\"\" srcset=\"https:\/\/wp.dynamiclayers.net\/import-struqta\/wp-content\/uploads\/sites\/33\/2024\/08\/500x600.jpeg 500w, https:\/\/wp.dynamiclayers.net\/import-struqta\/wp-content\/uploads\/sites\/33\/2024\/08\/500x600-250x300.jpeg 250w\" sizes=\"(max-width: 500px) 100vw, 500px\" \/>\t\t\t\t\t\t<div class=\"team-content\">\n\t\t\t\t<h3 class=\"name\">Stephen Miller<\/h3><span >Civil Engineer<\/span>\t\t\t<\/div>\n\t\t\t\t\t\t\t\t\t<ul class=\"team-social\">\n\t\t\t<li><a href=\"#\" target=\"_blank\"><i class=\"fab fa-facebook-f\"><\/i><\/a><\/li><li><a href=\"#\" target=\"_blank\"><i class=\"fab fa-twitter\"><\/i><\/a><\/li><li><a href=\"#\" target=\"_blank\"><i class=\"fab fa-instagram\"><\/i><\/a><\/li><li><a href=\"#\" target=\"_blank\"><i class=\"fab fa-linkedin\"><\/i><\/a><\/li>\t\t\t<\/ul>\n\t\t\t\t\t<\/div>\n\t\t\t\t\t\t<\/div>\n\t\t\t\t<\/div>\n\t\t\t\t\t<\/div>\n\t\t<\/div>\n\t\t\t\t<div class=\"elementor-column elementor-col-25 elementor-top-column elementor-element elementor-element-9ae4db8\" data-id=\"9ae4db8\" data-element_type=\"column\">\n\t\t\t<div class=\"elementor-widget-wrap elementor-element-populated\">\n\t\t\t\t\t\t<div class=\"elementor-element elementor-element-4899adf elementor-widget elementor-widget-struqta_team\" data-id=\"4899adf\" data-element_type=\"widget\" data-widget_type=\"struqta_team.default\">\n\t\t\t\t<div class=\"elementor-widget-container\">\n\t\t\t\t\t\t\t<div class=\"team-item style-1\">\n\t\t<div class=\"overlay\"><\/div>\t\t\t<img fetchpriority=\"high\" decoding=\"async\" width=\"500\" height=\"600\" src=\"https:\/\/wp.dynamiclayers.net\/import-struqta\/wp-content\/uploads\/sites\/33\/2024\/08\/500x600.jpeg\" class=\"attachment-full size-full wp-image-3070\" alt=\"\" srcset=\"https:\/\/wp.dynamiclayers.net\/import-struqta\/wp-content\/uploads\/sites\/33\/2024\/08\/500x600.jpeg 500w, https:\/\/wp.dynamiclayers.net\/import-struqta\/wp-content\/uploads\/sites\/33\/2024\/08\/500x600-250x300.jpeg 250w\" sizes=\"(max-width: 500px) 100vw, 500px\" \/>\t\t\t\t\t\t<div class=\"team-content\">\n\t\t\t\t<h3 class=\"name\">Fiorella Ib\u00e1\u00f1ez<\/h3><span >Project Manager<\/span>\t\t\t<\/div>\n\t\t\t\t\t\t\t\t\t<ul class=\"team-social\">\n\t\t\t<li><a href=\"#\" target=\"_blank\"><i class=\"fab fa-facebook-f\"><\/i><\/a><\/li><li><a href=\"#\" target=\"_blank\"><i class=\"fab fa-twitter\"><\/i><\/a><\/li><li><a href=\"#\" target=\"_blank\"><i class=\"fab fa-instagram\"><\/i><\/a><\/li><li><a href=\"#\" target=\"_blank\"><i class=\"fab fa-linkedin\"><\/i><\/a><\/li>\t\t\t<\/ul>\n\t\t\t\t\t<\/div>\n\t\t\t\t\t\t<\/div>\n\t\t\t\t<\/div>\n\t\t\t\t<div class=\"elementor-element elementor-element-b908885 elementor-widget elementor-widget-struqta_team\" data-id=\"b908885\" data-element_type=\"widget\" data-widget_type=\"struqta_team.default\">\n\t\t\t\t<div class=\"elementor-widget-container\">\n\t\t\t\t\t\t\t<div class=\"team-item style-1\">\n\t\t<div class=\"overlay\"><\/div>\t\t\t<img fetchpriority=\"high\" decoding=\"async\" width=\"500\" height=\"600\" src=\"https:\/\/wp.dynamiclayers.net\/import-struqta\/wp-content\/uploads\/sites\/33\/2024\/08\/500x600.jpeg\" class=\"attachment-full size-full wp-image-3070\" alt=\"\" srcset=\"https:\/\/wp.dynamiclayers.net\/import-struqta\/wp-content\/uploads\/sites\/33\/2024\/08\/500x600.jpeg 500w, https:\/\/wp.dynamiclayers.net\/import-struqta\/wp-content\/uploads\/sites\/33\/2024\/08\/500x600-250x300.jpeg 250w\" sizes=\"(max-width: 500px) 100vw, 500px\" \/>\t\t\t\t\t\t<div class=\"team-content\">\n\t\t\t\t<h3 class=\"name\">Fiorella Ib\u00e1\u00f1ez<\/h3><span >Project Manager<\/span>\t\t\t<\/div>\n\t\t\t\t\t\t\t\t\t<ul class=\"team-social\">\n\t\t\t<li><a href=\"#\" target=\"_blank\"><i class=\"fab fa-facebook-f\"><\/i><\/a><\/li><li><a href=\"#\" target=\"_blank\"><i class=\"fab fa-twitter\"><\/i><\/a><\/li><li><a href=\"#\" target=\"_blank\"><i class=\"fab fa-instagram\"><\/i><\/a><\/li><li><a href=\"#\" target=\"_blank\"><i class=\"fab fa-linkedin\"><\/i><\/a><\/li>\t\t\t<\/ul>\n\t\t\t\t\t<\/div>\n\t\t\t\t\t\t<\/div>\n\t\t\t\t<\/div>\n\t\t\t\t\t<\/div>\n\t\t<\/div>\n\t\t\t\t<div class=\"elementor-column elementor-col-25 elementor-top-column elementor-element elementor-element-21cee47\" data-id=\"21cee47\" data-element_type=\"column\">\n\t\t\t<div class=\"elementor-widget-wrap elementor-element-populated\">\n\t\t\t\t\t\t<div class=\"elementor-element elementor-element-6ae727d elementor-widget elementor-widget-struqta_team\" data-id=\"6ae727d\" data-element_type=\"widget\" data-widget_type=\"struqta_team.default\">\n\t\t\t\t<div class=\"elementor-widget-container\">\n\t\t\t\t\t\t\t<div class=\"team-item style-1\">\n\t\t<div class=\"overlay\"><\/div>\t\t\t<img fetchpriority=\"high\" decoding=\"async\" width=\"500\" height=\"600\" src=\"https:\/\/wp.dynamiclayers.net\/import-struqta\/wp-content\/uploads\/sites\/33\/2024\/08\/500x600.jpeg\" class=\"attachment-full size-full wp-image-3070\" alt=\"\" srcset=\"https:\/\/wp.dynamiclayers.net\/import-struqta\/wp-content\/uploads\/sites\/33\/2024\/08\/500x600.jpeg 500w, https:\/\/wp.dynamiclayers.net\/import-struqta\/wp-content\/uploads\/sites\/33\/2024\/08\/500x600-250x300.jpeg 250w\" sizes=\"(max-width: 500px) 100vw, 500px\" \/>\t\t\t\t\t\t<div class=\"team-content\">\n\t\t\t\t<h3 class=\"name\">Jos\u00e9 Carpio<\/h3><span >Technical Officer<\/span>\t\t\t<\/div>\n\t\t\t\t\t\t\t\t\t<ul class=\"team-social\">\n\t\t\t<li><a href=\"#\" target=\"_blank\"><i class=\"fab fa-facebook-f\"><\/i><\/a><\/li><li><a href=\"#\" target=\"_blank\"><i class=\"fab fa-twitter\"><\/i><\/a><\/li><li><a href=\"#\" target=\"_blank\"><i class=\"fab fa-instagram\"><\/i><\/a><\/li><li><a href=\"#\" target=\"_blank\"><i class=\"fab fa-linkedin\"><\/i><\/a><\/li>\t\t\t<\/ul>\n\t\t\t\t\t<\/div>\n\t\t\t\t\t\t<\/div>\n\t\t\t\t<\/div>\n\t\t\t\t<div class=\"elementor-element elementor-element-3f95acd elementor-widget elementor-widget-struqta_team\" data-id=\"3f95acd\" data-element_type=\"widget\" data-widget_type=\"struqta_team.default\">\n\t\t\t\t<div class=\"elementor-widget-container\">\n\t\t\t\t\t\t\t<div class=\"team-item style-1\">\n\t\t<div class=\"overlay\"><\/div>\t\t\t<img fetchpriority=\"high\" decoding=\"async\" width=\"500\" height=\"600\" src=\"https:\/\/wp.dynamiclayers.net\/import-struqta\/wp-content\/uploads\/sites\/33\/2024\/08\/500x600.jpeg\" class=\"attachment-full size-full wp-image-3070\" alt=\"\" srcset=\"https:\/\/wp.dynamiclayers.net\/import-struqta\/wp-content\/uploads\/sites\/33\/2024\/08\/500x600.jpeg 500w, https:\/\/wp.dynamiclayers.net\/import-struqta\/wp-content\/uploads\/sites\/33\/2024\/08\/500x600-250x300.jpeg 250w\" sizes=\"(max-width: 500px) 100vw, 500px\" \/>\t\t\t\t\t\t<div class=\"team-content\">\n\t\t\t\t<h3 class=\"name\">Jos\u00e9 Carpio<\/h3><span >Technical Officer<\/span>\t\t\t<\/div>\n\t\t\t\t\t\t\t\t\t<ul class=\"team-social\">\n\t\t\t<li><a href=\"#\" target=\"_blank\"><i class=\"fab fa-facebook-f\"><\/i><\/a><\/li><li><a href=\"#\" target=\"_blank\"><i class=\"fab fa-twitter\"><\/i><\/a><\/li><li><a href=\"#\" target=\"_blank\"><i class=\"fab fa-instagram\"><\/i><\/a><\/li><li><a href=\"#\" target=\"_blank\"><i class=\"fab fa-linkedin\"><\/i><\/a><\/li>\t\t\t<\/ul>\n\t\t\t\t\t<\/div>\n\t\t\t\t\t\t<\/div>\n\t\t\t\t<\/div>\n\t\t\t\t\t<\/div>\n\t\t<\/div>\n\t\t\t\t<div class=\"elementor-column elementor-col-25 elementor-top-column elementor-element elementor-element-b8f1f5e\" data-id=\"b8f1f5e\" data-element_type=\"column\">\n\t\t\t<div class=\"elementor-widget-wrap elementor-element-populated\">\n\t\t\t\t\t\t<div class=\"elementor-element elementor-element-b209f32 elementor-widget elementor-widget-struqta_team\" data-id=\"b209f32\" data-element_type=\"widget\" data-widget_type=\"struqta_team.default\">\n\t\t\t\t<div class=\"elementor-widget-container\">\n\t\t\t\t\t\t\t<div class=\"team-item style-1\">\n\t\t<div class=\"overlay\"><\/div>\t\t\t<img fetchpriority=\"high\" decoding=\"async\" width=\"500\" height=\"600\" src=\"https:\/\/wp.dynamiclayers.net\/import-struqta\/wp-content\/uploads\/sites\/33\/2024\/08\/500x600.jpeg\" class=\"attachment-full size-full wp-image-3070\" alt=\"\" srcset=\"https:\/\/wp.dynamiclayers.net\/import-struqta\/wp-content\/uploads\/sites\/33\/2024\/08\/500x600.jpeg 500w, https:\/\/wp.dynamiclayers.net\/import-struqta\/wp-content\/uploads\/sites\/33\/2024\/08\/500x600-250x300.jpeg 250w\" sizes=\"(max-width: 500px) 100vw, 500px\" \/>\t\t\t\t\t\t<div class=\"team-content\">\n\t\t\t\t<h3 class=\"name\">Kyle Frederick<\/h3><span >Field Architect<\/span>\t\t\t<\/div>\n\t\t\t\t\t\t\t\t\t<ul class=\"team-social\">\n\t\t\t<li><a href=\"#\" target=\"_blank\"><i class=\"fab fa-facebook-f\"><\/i><\/a><\/li><li><a href=\"#\" target=\"_blank\"><i class=\"fab fa-twitter\"><\/i><\/a><\/li><li><a href=\"#\" target=\"_blank\"><i class=\"fab fa-instagram\"><\/i><\/a><\/li><li><a href=\"#\" target=\"_blank\"><i class=\"fab fa-linkedin\"><\/i><\/a><\/li>\t\t\t<\/ul>\n\t\t\t\t\t<\/div>\n\t\t\t\t\t\t<\/div>\n\t\t\t\t<\/div>\n\t\t\t\t<div class=\"elementor-element elementor-element-e8ff63d elementor-widget elementor-widget-struqta_team\" data-id=\"e8ff63d\" data-element_type=\"widget\" data-widget_type=\"struqta_team.default\">\n\t\t\t\t<div class=\"elementor-widget-container\">\n\t\t\t\t\t\t\t<div class=\"team-item style-1\">\n\t\t<div class=\"overlay\"><\/div>\t\t\t<img fetchpriority=\"high\" decoding=\"async\" width=\"500\" height=\"600\" src=\"https:\/\/wp.dynamiclayers.net\/import-struqta\/wp-content\/uploads\/sites\/33\/2024\/08\/500x600.jpeg\" class=\"attachment-full size-full wp-image-3070\" alt=\"\" srcset=\"https:\/\/wp.dynamiclayers.net\/import-struqta\/wp-content\/uploads\/sites\/33\/2024\/08\/500x600.jpeg 500w, https:\/\/wp.dynamiclayers.net\/import-struqta\/wp-content\/uploads\/sites\/33\/2024\/08\/500x600-250x300.jpeg 250w\" sizes=\"(max-width: 500px) 100vw, 500px\" \/>\t\t\t\t\t\t<div class=\"team-content\">\n\t\t\t\t<h3 class=\"name\">Kyle Frederick<\/h3><span >Field Architect<\/span>\t\t\t<\/div>\n\t\t\t\t\t\t\t\t\t<ul class=\"team-social\">\n\t\t\t<li><a href=\"#\" target=\"_blank\"><i class=\"fab fa-facebook-f\"><\/i><\/a><\/li><li><a href=\"#\" target=\"_blank\"><i class=\"fab fa-twitter\"><\/i><\/a><\/li><li><a href=\"#\" target=\"_blank\"><i class=\"fab fa-instagram\"><\/i><\/a><\/li><li><a href=\"#\" target=\"_blank\"><i class=\"fab fa-linkedin\"><\/i><\/a><\/li>\t\t\t<\/ul>\n\t\t\t\t\t<\/div>\n\t\t\t\t\t\t<\/div>\n\t\t\t\t<\/div>\n\t\t\t\t\t<\/div>\n\t\t<\/div>\n\t\t\t\t\t<\/div>\n\t\t<\/section>\n\t\t\t\t<\/div>\n\t\t","protected":false},"excerpt":{"rendered":"<p>Engineering a Better World! Engineers will make your dream true! Expert construction services that turn your ambitions into reality with attention to main industrial detail. Stephen Miller Civil Engineer Stephen Miller Civil Engineer Fiorella Ib\u00e1\u00f1ez Project Manager Fiorella Ib\u00e1\u00f1ez Project Manager Jos\u00e9 Carpio Technical Officer Jos\u00e9 Carpio Technical Officer Kyle Frederick Field Architect Kyle Frederick<\/p>\n","protected":false},"author":1,"featured_media":0,"parent":0,"menu_order":0,"comment_status":"closed","ping_status":"closed","template":"empty-template.php","meta":{"_acf_changed":false,"footnotes":""},"class_list":["post-361","page","type-page","status-publish","hentry"],"acf":[],"_links":{"self":[{"href":"https:\/\/wp.dynamiclayers.net\/import-struqta\/wp-json\/wp\/v2\/pages\/361","targetHints":{"allow":["GET"]}}],"collection":[{"href":"https:\/\/wp.dynamiclayers.net\/import-struqta\/wp-json\/wp\/v2\/pages"}],"about":[{"href":"https:\/\/wp.dynamiclayers.net\/import-struqta\/wp-json\/wp\/v2\/types\/page"}],"author":[{"embeddable":true,"href":"https:\/\/wp.dynamiclayers.net\/import-struqta\/wp-json\/wp\/v2\/users\/1"}],"replies":[{"embeddable":true,"href":"https:\/\/wp.dynamiclayers.net\/import-struqta\/wp-json\/wp\/v2\/comments?post=361"}],"version-history":[{"count":13,"href":"https:\/\/wp.dynamiclayers.net\/import-struqta\/wp-json\/wp\/v2\/pages\/361\/revisions"}],"predecessor-version":[{"id":3096,"href":"https:\/\/wp.dynamiclayers.net\/import-struqta\/wp-json\/wp\/v2\/pages\/361\/revisions\/3096"}],"wp:attachment":[{"href":"https:\/\/wp.dynamiclayers.net\/import-struqta\/wp-json\/wp\/v2\/media?parent=361"}],"curies":[{"name":"wp","href":"https:\/\/api.w.org\/{rel}","templated":true}]}}